{"id":585,"date":"2022-07-10T11:50:01","date_gmt":"2022-07-10T11:50:01","guid":{"rendered":"https:\/\/travelblog-ls.de\/?page_id=585"},"modified":"2022-08-14T20:56:18","modified_gmt":"2022-08-14T20:56:18","slug":"blog","status":"publish","type":"page","link":"https:\/\/travelblog-ls.de\/?page_id=585","title":{"rendered":"Blog"},"content":{"rendered":"\t\t<div data-elementor-type=\"wp-page\" data-elementor-id=\"585\" class=\"elementor elementor-585\">\n\t\t\t\t\t\t<section class=\"elementor-section elementor-top-section elementor-element elementor-element-0fd54a2 elementor-section-boxed elementor-section-height-default elementor-section-height-default\" data-id=\"0fd54a2\" data-element_type=\"section\" data-e-type=\"section\" data-settings=\"{&quot;background_background&quot;:&quot;classic&quot;}\">\n\t\t\t\t\t\t\t<div class=\"elementor-background-overlay\"><\/div>\n\t\t\t\t\t\t\t<div class=\"elementor-container elementor-column-gap-default\">\n\t\t\t\t\t<div class=\"elementor-column elementor-col-100 elementor-top-column elementor-element elementor-element-70202f9\" data-id=\"70202f9\" data-element_type=\"column\" data-e-type=\"column\">\n\t\t\t<div class=\"elementor-widget-wrap elementor-element-populated\">\n\t\t\t\t\t\t<div class=\"elementor-element elementor-element-0cdb96e elementor-widget elementor-widget-heading\" data-id=\"0cdb96e\" data-element_type=\"widget\" data-e-type=\"widget\" data-widget_type=\"heading.default\">\n\t\t\t\t<div class=\"elementor-widget-container\">\n\t\t\t\t\t<h1 class=\"elementor-heading-title elementor-size-xxl\">Letzte Posts<\/h1>\t\t\t\t<\/div>\n\t\t\t\t<\/div>\n\t\t\t\t\t<\/div>\n\t\t<\/div>\n\t\t\t\t\t<\/div>\n\t\t<\/section>\n\t\t\t\t<section class=\"elementor-section elementor-top-section elementor-element elementor-element-76dcfad elementor-section-boxed elementor-section-height-default elementor-section-height-default\" data-id=\"76dcfad\" data-element_type=\"section\" data-e-type=\"section\" data-settings=\"{&quot;background_background&quot;:&quot;classic&quot;}\">\n\t\t\t\t\t\t<div class=\"elementor-container elementor-column-gap-default\">\n\t\t\t\t\t<div class=\"elementor-column elementor-col-100 elementor-top-column elementor-element elementor-element-35a1944\" data-id=\"35a1944\" data-element_type=\"column\" data-e-type=\"column\">\n\t\t\t<div class=\"elementor-widget-wrap elementor-element-populated\">\n\t\t\t\t\t\t<div class=\"elementor-element elementor-element-d900e2d elementor-widget elementor-widget-ucaddon_post_list\" data-id=\"d900e2d\" data-element_type=\"widget\" data-e-type=\"widget\" data-widget_type=\"ucaddon_post_list.default\">\n\t\t\t\t<div class=\"elementor-widget-container\">\n\t\t\t\t\t\n<!-- start Post List -->\n\t\t<link id='font-awesome-css' href='https:\/\/travelblog-ls.de\/wp-content\/plugins\/unlimited-elements-for-elementor\/assets_libraries\/font-awesome6\/fontawesome-all.min.css' type='text\/css' rel='stylesheet' >\n\t\t<link id='font-awesome-4-shim-css' href='https:\/\/travelblog-ls.de\/wp-content\/plugins\/unlimited-elements-for-elementor\/assets_libraries\/font-awesome6\/fontawesome-v4-shims.min.css' type='text\/css' rel='stylesheet' >\n\n<style>\/* widget: Post List *\/\n\n#uc_post_list_elementor_d900e2d\n{\n  display:grid;\n}\n\n\n#uc_post_list_elementor_d900e2d .uc_post_list_image div\n{\n  background-size:cover;\n  background-position:center;\n}\n\n\n.uc_post_list .uc_post_list_box{\n\tposition: relative;\n\toverflow: hidden;\n\tdisplay: flex;\n}\n\n#uc_post_list_elementor_d900e2d .uc_post_list_image\n{\n  flex-grow:0;\n  flex-shrink:0;\n}\n\n#uc_post_list_elementor_d900e2d .uc_post_list_image img\n{\n  width:100%;\n  display:block;\n  transition:0.3s;\n  \n}\n\n\n.uc_post_list_title a{\n\tcolor: #333333;\n}\n.uc_post_list_date{\n\tfont-size: 12px;\n}\n\n#uc_post_list_elementor_d900e2d .uc_post_list_content\n{\n  display:flex;\n  flex-direction:column;\n  flex:1;\n}\n\n#uc_post_list_elementor_d900e2d .uc_more_btn{\n\n  text-align:center;\n  text-decoration:none;\n  transition:0.3s;\n}\n\n#uc_post_list_elementor_d900e2d .button-on-side\n{\n  display:flex;\n  align-items:center;\n}\n\n\n.ue-grid-item-category a\n{\n  display:inline-block;\n  font-size:10px;\n  text-transform:uppercase;\n}\n\n#uc_post_list_elementor_d900e2d .ue-meta-data\n{\n  \n  display:flex;\n\n  flex-wrap: wrap;\n  line-height:1em;\n}\n\n#uc_post_list_elementor_d900e2d .ue-grid-item-meta-data\n{\n      display:inline-flex;\n      align-items:center;\n}\n\n.ue-grid-item-meta-data\n{\n  font-size:12px;\n}\n\n#uc_post_list_elementor_d900e2d .ue-grid-item-meta-data-icon\n{\n  line-height:1em;\n}\n\n#uc_post_list_elementor_d900e2d .ue-grid-item-meta-data-icon svg\n{\n  width:1em;\n  height:1em;\n}\n\n\n\n#uc_post_list_elementor_d900e2d .ue-debug-meta\n{\n  padding:10px;\n  border:1px solid red;\n  position:relative;\n  line-height:1.5em;\n  font-size:11px;\n  width:100%;\n}\n\n.uc-remote-parent .uc_post_list_box{\n\tcursor:pointer;\n}\n\n<\/style>\n\n<div class=\"uc_post_list uc-items-wrapper uc-filterable-grid\" id=\"uc_post_list_elementor_d900e2d\"  data-ajax='true'  data-filterbehave='ajax'  querydata='{&quot;count_posts&quot;:4,&quot;total_posts&quot;:21,&quot;page&quot;:1,&quot;num_pages&quot;:6}' >    \t\n  <div class=\"uc_post_list_box\">\n    \n  \t    <div class=\"uc_post_list_image\">\n      <a href=\"https:\/\/travelblog-ls.de\/?p=1305\" title=\"Robinson Agadir\">\n          \n            <img loading=\"lazy\" decoding=\"async\" src=\"https:\/\/travelblog-ls.de\/wp-content\/uploads\/2024\/07\/img_0058-1-768x576.jpg\"  src=\"https:\/\/travelblog-ls.de\/wp-content\/uploads\/2024\/07\/img_0058-1-768x576.jpg\" alt=\"img_0058-1\" width=\"768\" height=\"576\">\n        \t\n        \n      <\/a>\n    <\/div>\n  \t\t\n  \n    <div class=\"uc_post_list_content\">\n      <div class=\"uc_post_list_content_inside\">\n        \n                        \n         <div class=\"uc_post_list_title\"><a href=\"https:\/\/travelblog-ls.de\/?p=1305\" title=\"Robinson Agadir\">Robinson Agadir<\/a><\/div>\t\n         \n        <div class=\"ue-meta-data\">\n            <div class=\"ue-grid-item-meta-data\"><span class=\"ue-grid-item-meta-data-icon\"><i class=''><\/i><\/span>  20 Juli, 2024<\/div>            \n                        \n            \n                        \n                        \n            \n              \n          <\/div>\n         \n                \n         <div class=\"uc_post_content\">Das war das Hotel was wir gebucht haben. Lina war schon \u00f6fters ins solchen Clubs. F\u00fcr mich war es das erste mal in der Robinson Hotelreihe. Ich kannte Cluburlaube nat\u00fcrlich von fr\u00fcher, bin aber die letzten...<\/div>\t\n         \t\n      <\/div>\n    <\/div>\n     \n       \n<\/div>\n<div class=\"uc_post_list_box\">\n    \n  \t    <div class=\"uc_post_list_image\">\n      <a href=\"https:\/\/travelblog-ls.de\/?p=1290\" title=\"Ein neues Jahr eine Neue Reise\">\n          \n            <img loading=\"lazy\" decoding=\"async\" src=\"https:\/\/travelblog-ls.de\/wp-content\/uploads\/2024\/07\/img_2046-1-768x1024.jpg\"  src=\"https:\/\/travelblog-ls.de\/wp-content\/uploads\/2024\/07\/img_2046-1-768x1024.jpg\" alt=\"img_2046-1\" width=\"768\" height=\"1024\">\n        \t\n        \n      <\/a>\n    <\/div>\n  \t\t\n  \n    <div class=\"uc_post_list_content\">\n      <div class=\"uc_post_list_content_inside\">\n        \n                        \n         <div class=\"uc_post_list_title\"><a href=\"https:\/\/travelblog-ls.de\/?p=1290\" title=\"Ein neues Jahr eine Neue Reise\">Ein neues Jahr eine Neue Reise<\/a><\/div>\t\n         \n        <div class=\"ue-meta-data\">\n            <div class=\"ue-grid-item-meta-data\"><span class=\"ue-grid-item-meta-data-icon\"><i class=''><\/i><\/span>  19 Juli, 2024<\/div>            \n                        \n            \n                        \n                        \n            \n              \n          <\/div>\n         \n                \n         <div class=\"uc_post_content\">Hallo Zusammen, auch dieses Jahr geht es f\u00fcr uns wieder in den Urlaub. Ziel der Reise ist Marokko, um genau zu sein Agadir. Reisezeitraum ist in diesem Jahr etwas k\u00fcrzer, da man auch sagen muss, dass die...<\/div>\t\n         \t\n      <\/div>\n    <\/div>\n     \n       \n<\/div>\n<div class=\"uc_post_list_box\">\n    \n  \t    <div class=\"uc_post_list_image\">\n      <a href=\"https:\/\/travelblog-ls.de\/?p=1162\" title=\"Auf zur n\u00e4chsten Reise\">\n          \n            <img loading=\"lazy\" decoding=\"async\" src=\"https:\/\/travelblog-ls.de\/wp-content\/uploads\/2023\/10\/IMG_7733-768x1024.jpeg\"  src=\"https:\/\/travelblog-ls.de\/wp-content\/uploads\/2023\/10\/IMG_7733-768x1024.jpeg\" alt=\"IMG_7733\" width=\"768\" height=\"1024\">\n        \t\n        \n      <\/a>\n    <\/div>\n  \t\t\n  \n    <div class=\"uc_post_list_content\">\n      <div class=\"uc_post_list_content_inside\">\n        \n                        \n         <div class=\"uc_post_list_title\"><a href=\"https:\/\/travelblog-ls.de\/?p=1162\" title=\"Auf zur n\u00e4chsten Reise\">Auf zur n\u00e4chsten Reise<\/a><\/div>\t\n         \n        <div class=\"ue-meta-data\">\n            <div class=\"ue-grid-item-meta-data\"><span class=\"ue-grid-item-meta-data-icon\"><i class=''><\/i><\/span>  10 Oktober, 2023<\/div>            \n                        \n            \n                        \n                        \n            \n              \n          <\/div>\n         \n                \n         <div class=\"uc_post_content\">Anfang des Jahres sagte ich zu meinem Papa, Mensch lass uns doch mal eine Reise machen, ich habe da und da Urlaub. Naja so wie es ist sind meine Eltern zur gleichen Zeit im Urlaub doch kurzer Hand wurde...<\/div>\t\n         \t\n      <\/div>\n    <\/div>\n     \n       \n<\/div>\n<div class=\"uc_post_list_box\">\n    \n  \t    <div class=\"uc_post_list_image\">\n      <a href=\"https:\/\/travelblog-ls.de\/?p=1210\" title=\"On the way to lissabon\">\n          \n            <img loading=\"lazy\" decoding=\"async\" src=\"https:\/\/travelblog-ls.de\/wp-content\/uploads\/2024\/03\/IMG_7655-768x576.jpeg\"  src=\"https:\/\/travelblog-ls.de\/wp-content\/uploads\/2024\/03\/IMG_7655-768x576.jpeg\" alt=\"IMG_7655\" width=\"768\" height=\"576\">\n        \t\n        \n      <\/a>\n    <\/div>\n  \t\t\n  \n    <div class=\"uc_post_list_content\">\n      <div class=\"uc_post_list_content_inside\">\n        \n                        \n         <div class=\"uc_post_list_title\"><a href=\"https:\/\/travelblog-ls.de\/?p=1210\" title=\"On the way to lissabon\">On the way to lissabon<\/a><\/div>\t\n         \n        <div class=\"ue-meta-data\">\n            <div class=\"ue-grid-item-meta-data\"><span class=\"ue-grid-item-meta-data-icon\"><i class=''><\/i><\/span>  27 September, 2023<\/div>            \n                        \n            \n                        \n                        \n            \n              \n          <\/div>\n         \n                \n         <div class=\"uc_post_content\">Nat\u00fcrlich konnten wir auf dem Portugal Trip Lissabon nicht au\u00dfer acht lassen. Nachdem wir entspannt aufgestanden sind und gut gefr\u00fchst\u00fcckt haben, haben wir unsere Sachen f\u00fcr den Kurztrip gepackt und sind...<\/div>\t\n         \t\n      <\/div>\n    <\/div>\n     \n       \n<\/div>\n\n<\/div>\n\n\n  <div id=\"uc_post_list_elementor_d900e2d_empty_message\" class=\"ue-no-posts-found\"  style=\"display:none\" >No posts found<\/div>\n\n\n<!-- end Post List -->\t\t\t\t<\/div>\n\t\t\t\t<\/div>\n\t\t\t\t<div class=\"elementor-element elementor-element-8942c5a elementor-widget elementor-widget-ucaddon_archive_pagination\" data-id=\"8942c5a\" data-element_type=\"widget\" data-e-type=\"widget\" data-widget_type=\"ucaddon_archive_pagination.default\">\n\t\t\t\t<div class=\"elementor-widget-container\">\n\t\t\t\t\t\n<!-- start Post Pagination -->\n\n<style>\/* widget: Post Pagination *\/\n\n#uc_archive_pagination_elementor_8942c5a nav\n{\n  padding:0px;\n  margin:0px;\n}\n\n#uc_archive_pagination_elementor_8942c5a \n{\n  display:flex;\n  flex-wrap: wrap;\n  justify-content:center;\n}\n\n#uc_archive_pagination_elementor_8942c5a .nav-links\n{\n  display:flex;\n  justify-content:center;\n}\n\n#uc_archive_pagination_elementor_8942c5a .nav-links > *\n{\n}\n\n#uc_archive_pagination_elementor_8942c5a .page-numbers\n{\n  display:flex;\n  \n  align-items:center;\n  justify-content:center;\n  transition:0.3s;\n  line-height:1em;\n}\n\n\n#uc_archive_pagination_elementor_8942c5a a.page-numbers, #uc_archive_pagination_elementor_8942c5a .dots\n{\n  color:#000000;\n  background-color:;\n}\n\n#uc_archive_pagination_elementor_8942c5a a.page-numbers:hover\n{\n  color:#6e6e6e;\n  background-color:#eeeeee;\n}\n\n#uc_archive_pagination_elementor_8942c5a .page-numbers.current,\n#uc_archive_pagination_elementor_8942c5a .page-numbers.current:hover\n{\n  background-color:#000000;\n  color:#ffffff;\n}\n\n\n#uc_archive_pagination_elementor_8942c5a .page-numbers.prev, #uc_archive_pagination_elementor_8942c5a .page-numbers.next\n{\n  padding-left:15px;\n  padding-right:15px;\n}\n\n\n\n#uc_archive_pagination_elementor_8942c5a .prev:before {\n   font-family: \"Font Awesome 5 Free\";\n   content: \"\\f053\";\n   display: inline-block;\n   vertical-align: middle;\n   font-weight: 900;\n   padding-right:10px;}\n\n#uc_archive_pagination_elementor_8942c5a .next:after {\n   font-family: \"Font Awesome 5 Free\";\n   content: \"\\f054\";\n   display: inline-block;\n   vertical-align: middle;\n   font-weight: 900;\n   padding-left:10px;}\n\n#uc_archive_pagination_elementor_8942c5a.uc-ajax-loading{\n\topacity:1 !important;\n}\n\n#uc_archive_pagination_elementor_8942c5a.uc-ajax-loading .current{\n\tposition:relative;\n    overflow:hidden;\n}\n\n\n#uc_archive_pagination_elementor_8942c5a.uc-ajax-loading .current:before{\n  content: \"\";\n  display:block;\n  width:100%;\n  height:100%;\n  box-sizing:border-box;\n  position:absolute;\n  top:0px;\n  left:0px;\n  background-color: #c2c2c2;\n  animation: uc-spinning-border 0.5s linear infinite;\n  opacity:50%;\n  border-radius:inherit;\n}\n\n@keyframes uc-spinning-border {\n\t0%{transform: scale(0);}\n\t100%{transform: scale(1); }\t\n}\n\n\n\n<\/style>\n\n<div id=\"uc_archive_pagination_elementor_8942c5a\" class=\"archive_pagination uc-filter-pagination\">\n<span aria-current=\"page\" class=\"page-numbers current\">1<\/span>\n<a class=\"page-numbers\" href=\"https:\/\/travelblog-ls.de\/index.php\/?page=2&#038;rest_route=%2Fwp%2Fv2%2Fpages%2F585\" data-e-disable-page-transition=\"true\">2<\/a>\n<a class=\"page-numbers\" href=\"https:\/\/travelblog-ls.de\/index.php\/?page=3&#038;rest_route=%2Fwp%2Fv2%2Fpages%2F585\" data-e-disable-page-transition=\"true\">3<\/a>\n<a class=\"page-numbers\" href=\"https:\/\/travelblog-ls.de\/index.php\/?page=4&#038;rest_route=%2Fwp%2Fv2%2Fpages%2F585\" data-e-disable-page-transition=\"true\">4<\/a>\n<a class=\"page-numbers\" href=\"https:\/\/travelblog-ls.de\/index.php\/?page=5&#038;rest_route=%2Fwp%2Fv2%2Fpages%2F585\" data-e-disable-page-transition=\"true\">5<\/a>\n<a class=\"page-numbers\" href=\"https:\/\/travelblog-ls.de\/index.php\/?page=6&#038;rest_route=%2Fwp%2Fv2%2Fpages%2F585\" data-e-disable-page-transition=\"true\">6<\/a>\n<a class=\"next page-numbers\" href=\"https:\/\/travelblog-ls.de\/index.php\/?page=2&#038;rest_route=%2Fwp%2Fv2%2Fpages%2F585\" data-e-disable-page-transition=\"true\">Next<\/a>\n<\/div>\n<!-- end Post Pagination -->\t\t\t\t<\/div>\n\t\t\t\t<\/div>\n\t\t\t\t\t<\/div>\n\t\t<\/div>\n\t\t\t\t\t<\/div>\n\t\t<\/section>\n\t\t\t\t<\/div>\n\t\t","protected":false},"excerpt":{"rendered":"<p>Letzte Posts Fuerteventura wir kommen! 11 Juli, 2022 Erster Flug f\u00fcr mich nach zwei Jahren Corona Pause&#8230; Kurzfristig haben wir w\u00e4hrend unserer Quarant\u00e4ne eine Woche auf Fuerteventura gebucht. Die Suche nach einem passenden Hotel gestaltete sich schwierig&#8230;. Tagesausflug nach Eltville am Rhein 26 Juli, 2020 Steffen und ich haben heute einen Ausflug nach Eltville am [&hellip;]<\/p>\n","protected":false},"author":1,"featured_media":0,"parent":0,"menu_order":0,"comment_status":"closed","ping_status":"closed","template":"","meta":{"site-sidebar-layout":"no-sidebar","site-content-layout":"page-builder","ast-site-content-layout":"default","site-content-style":"default","site-sidebar-style":"default","ast-global-header-display":"","ast-banner-title-visibility":"","ast-main-header-display":"","ast-hfb-above-header-display":"","ast-hfb-below-header-display":"","ast-hfb-mobile-header-display":"","site-post-title":"disabled","ast-breadcrumbs-content":"","ast-featured-img":"disabled","footer-sml-layout":"","ast-disable-related-posts":"","theme-transparent-header-meta":"enabled","adv-header-id-meta":"","stick-header-meta":"","header-above-stick-meta":"","header-main-stick-meta":"","header-below-stick-meta":"","astra-migrate-meta-layouts":"default","ast-page-background-enabled":"default","ast-page-background-meta":{"desktop":{"background-color":"","background-image":"","background-repeat":"repeat","background-position":"center center","background-size":"auto","background-attachment":"scroll","background-type":"","background-media":"","overlay-type":"","overlay-color":"","overlay-opacity":"","overlay-gradient":""},"tablet":{"background-color":"","background-image":"","background-repeat":"repeat","background-position":"center center","background-size":"auto","background-attachment":"scroll","background-type":"","background-media":"","overlay-type":"","overlay-color":"","overlay-opacity":"","overlay-gradient":""},"mobile":{"background-color":"","background-image":"","background-repeat":"repeat","background-position":"center center","background-size":"auto","background-attachment":"scroll","background-type":"","background-media":"","overlay-type":"","overlay-color":"","overlay-opacity":"","overlay-gradient":""}},"ast-content-background-meta":{"desktop":{"background-color":"var(--ast-global-color-5)","background-image":"","background-repeat":"repeat","background-position":"center center","background-size":"auto","background-attachment":"scroll","background-type":"","background-media":"","overlay-type":"","overlay-color":"","overlay-opacity":"","overlay-gradient":""},"tablet":{"background-color":"var(--ast-global-color-5)","background-image":"","background-repeat":"repeat","background-position":"center center","background-size":"auto","background-attachment":"scroll","background-type":"","background-media":"","overlay-type":"","overlay-color":"","overlay-opacity":"","overlay-gradient":""},"mobile":{"background-color":"var(--ast-global-color-5)","background-image":"","background-repeat":"repeat","background-position":"center center","background-size":"auto","background-attachment":"scroll","background-type":"","background-media":"","overlay-type":"","overlay-color":"","overlay-opacity":"","overlay-gradient":""}},"footnotes":""},"class_list":["post-585","page","type-page","status-publish","hentry"],"_links":{"self":[{"href":"https:\/\/travelblog-ls.de\/index.php?rest_route=\/wp\/v2\/pages\/585","targetHints":{"allow":["GET"]}}],"collection":[{"href":"https:\/\/travelblog-ls.de\/index.php?rest_route=\/wp\/v2\/pages"}],"about":[{"href":"https:\/\/travelblog-ls.de\/index.php?rest_route=\/wp\/v2\/types\/page"}],"author":[{"embeddable":true,"href":"https:\/\/travelblog-ls.de\/index.php?rest_route=\/wp\/v2\/users\/1"}],"replies":[{"embeddable":true,"href":"https:\/\/travelblog-ls.de\/index.php?rest_route=%2Fwp%2Fv2%2Fcomments&post=585"}],"version-history":[{"count":32,"href":"https:\/\/travelblog-ls.de\/index.php?rest_route=\/wp\/v2\/pages\/585\/revisions"}],"predecessor-version":[{"id":831,"href":"https:\/\/travelblog-ls.de\/index.php?rest_route=\/wp\/v2\/pages\/585\/revisions\/831"}],"wp:attachment":[{"href":"https:\/\/travelblog-ls.de\/index.php?rest_route=%2Fwp%2Fv2%2Fmedia&parent=585"}],"curies":[{"name":"wp","href":"https:\/\/api.w.org\/{rel}","templated":true}]}}